{"id":192,"date":"2025-10-26T09:47:59","date_gmt":"2025-10-26T08:47:59","guid":{"rendered":"https:\/\/magmagnetisme.fr\/index.php\/charte-du-magnetiseur\/"},"modified":"2025-10-26T10:16:52","modified_gmt":"2025-10-26T09:16:52","slug":"charte-du-magnetiseur","status":"publish","type":"page","link":"https:\/\/magmagnetisme.fr\/index.php\/home_page\/charte-du-magnetiseur\/","title":{"rendered":"Charte du magn\u00e9tiseur"},"content":{"rendered":"\n\n","protected":false},"excerpt":{"rendered":"","protected":false},"author":1,"featured_media":0,"parent":24,"menu_order":2,"comment_status":"closed","ping_status":"closed","template":"full-width","meta":{"saved_in_kubio":true,"footnotes":""},"class_list":["post-192","page","type-page","status-publish","hentry"],"kubio_ai_page_context":{"short_desc":"Parce que la relation de confiance est au c\u0153ur de toute d\u00e9marche \u00e9nerg\u00e9tique, j\u2019ai choisi de rendre ma charte de magn\u00e9tiseur accessible \u00e0 tous sur ce site.\nElle repr\u00e9sente les valeurs, les engagements et l\u2019\u00e9thique qui guident ma pratique au quotidien.","purpose":"gallery","isFrontPage":false},"_links":{"self":[{"href":"https:\/\/magmagnetisme.fr\/index.php\/wp-json\/wp\/v2\/pages\/192","targetHints":{"allow":["GET"]}}],"collection":[{"href":"https:\/\/magmagnetisme.fr\/index.php\/wp-json\/wp\/v2\/pages"}],"about":[{"href":"https:\/\/magmagnetisme.fr\/index.php\/wp-json\/wp\/v2\/types\/page"}],"author":[{"embeddable":true,"href":"https:\/\/magmagnetisme.fr\/index.php\/wp-json\/wp\/v2\/users\/1"}],"replies":[{"embeddable":true,"href":"https:\/\/magmagnetisme.fr\/index.php\/wp-json\/wp\/v2\/comments?post=192"}],"version-history":[{"count":3,"href":"https:\/\/magmagnetisme.fr\/index.php\/wp-json\/wp\/v2\/pages\/192\/revisions"}],"predecessor-version":[{"id":200,"href":"https:\/\/magmagnetisme.fr\/index.php\/wp-json\/wp\/v2\/pages\/192\/revisions\/200"}],"up":[{"embeddable":true,"href":"https:\/\/magmagnetisme.fr\/index.php\/wp-json\/wp\/v2\/pages\/24"}],"wp:attachment":[{"href":"https:\/\/magmagnetisme.fr\/index.php\/wp-json\/wp\/v2\/media?parent=192"}],"curies":[{"name":"wp","href":"https:\/\/api.w.org\/{rel}","templated":true}]}}